{"id":288,"date":"2022-12-26T15:27:24","date_gmt":"2022-12-26T15:27:24","guid":{"rendered":"https:\/\/cloud5.r9.cl\/losPelambresPublico\/?page_id=288"},"modified":"2022-12-26T15:27:24","modified_gmt":"2022-12-26T15:27:24","slug":"glosario","status":"publish","type":"page","link":"http:\/\/pelambres.r9.cl\/pelambres_publico\/?page_id=288","title":{"rendered":"Glosario"},"content":{"rendered":"<section class=\"l-section wpb_row height_medium\" style=\"margin-top: -40px !important;\"><div class=\"l-section-h i-cf\"><div class=\"g-cols offset_small\"><div class=\" full-width\"><div class=\"w-tabs layout_default accordion title_left icon_chevron iconpos_right \"><div class=\"w-tabs-list items_4\"><div class=\"w-tabs-list-h\"><div class=\"w-tabs-item active\"><a href=\"#1672066403918-f12494d8-6dd3\" class=\"w-tabs-item-h\"><span class=\"w-tabs-item-title\">Contaminante<\/span><\/a><\/div>\n<div class=\"w-tabs-item\"><a href=\"#1672066403924-57f119e9-ecc2\" class=\"w-tabs-item-h\"><span class=\"w-tabs-item-title\">Contaminaci\u00f3n<\/span><\/a><\/div>\n<div class=\"w-tabs-item\"><a href=\"#1672066774461-fcdd02b3-a6b1\" class=\"w-tabs-item-h\"><span class=\"w-tabs-item-title\">Material Particulado<\/span><\/a><\/div>\n<div class=\"w-tabs-item\"><a href=\"#1672067038104-12db9791-0f27\" class=\"w-tabs-item-h\"><span class=\"w-tabs-item-title\">Norma Primaria Calidad del Aire MP10<\/span><\/a><\/div>\n<\/div><\/div><div class=\"w-tabs-sections\"><div class=\"w-tabs-sections-h\"><div class=\"w-tabs-section color_custom active\" id=\"1672066403918-f12494d8-6dd3\" style=\"color: #000000;\"><a href=\"#1672066403918-f12494d8-6dd3\" class=\"w-tabs-section-header\"><div class=\"w-tabs-section-header-h\"><h5 class=\"w-tabs-section-title\">Contaminante<\/h5><div class=\"w-tabs-section-control\"><\/div><\/div><\/a><div class=\"w-tabs-section-content\"><div class=\"w-tabs-section-content-h i-cf\"><div class=\"wpb_text_column \"><div class=\"wpb_wrapper\"><p>Es un contaminante todo elemento, compuesto, sustancia, derivado qu\u00edmico o biol\u00f3gico, energ\u00eda, radiaci\u00f3n, vibraci\u00f3n, ruido, luminosidad artificial o una combinaci\u00f3n de ellos, cuya presencia en el ambiente, en ciertos niveles, concentraciones o per\u00edodos de tiempo, pueda constituir un riesgo a la salud de las personas, a la calidad de vida de la poblaci\u00f3n, a la preservaci\u00f3n de la naturaleza o a la conservaci\u00f3n del patrimonio ambiental.<u><\/u><\/p>\n<p><a href=\"https:\/\/www.leychile.cl\/navegar?idNorma=30667#:~:text=%2D%20El%20derecho%20a%20vivir%20en,legales%20establezcan%20sobre%20la%20materia.\" target=\"_blank\" rel=\"noopener\">Fuente:\u00a0<i>Ley N\u00b019300 Art\u00edculo 2\u00b0 letra d<\/i><\/a><\/p><\/div> <\/div> <\/div><\/div><\/div><div class=\"w-tabs-section color_custom\" id=\"1672066403924-57f119e9-ecc2\" style=\"color: #000000;\"><a href=\"#1672066403924-57f119e9-ecc2\" class=\"w-tabs-section-header\"><div class=\"w-tabs-section-header-h\"><h5 class=\"w-tabs-section-title\">Contaminaci\u00f3n<\/h5><div class=\"w-tabs-section-control\"><\/div><\/div><\/a><div class=\"w-tabs-section-content\"><div class=\"w-tabs-section-content-h i-cf\"><div class=\"wpb_text_column \"><div class=\"wpb_wrapper\"><p>La presencia en el ambiente de sustancias, elementos, energ\u00eda o combinaci\u00f3n de ellos, en concentraciones o concentraciones y permanencia superiores o inferiores, seg\u00fan corresponda, a las establecidas en la legislaci\u00f3n vigente<\/p>\n<p><a href=\"https:\/\/www.bcn.cl\/leychile\/navegar?idNorma=30667\">Fuente: Ley N\u00b019.300 Art\u00edculo 2\u00b0 letra c<\/a><\/p><\/div> <\/div> <\/div><\/div><\/div><div class=\"w-tabs-section color_custom\" id=\"1672066774461-fcdd02b3-a6b1\" style=\"color: #000000;\"><a href=\"#1672066774461-fcdd02b3-a6b1\" class=\"w-tabs-section-header\"><div class=\"w-tabs-section-header-h\"><h5 class=\"w-tabs-section-title\">Material Particulado<\/h5><div class=\"w-tabs-section-control\"><\/div><\/div><\/a><div class=\"w-tabs-section-content\"><div class=\"w-tabs-section-content-h i-cf\"><div class=\"wpb_text_column \"><div class=\"wpb_wrapper\"><p>El material particulado (MP) es un contaminante atmosf\u00e9rico que corresponde a aquellas part\u00edculas l\u00edquidas o s\u00f3lidas que se encuentran en suspensi\u00f3n, siendo posible clasificarlo seg\u00fan su di\u00e1metro en MP10 (grueso) y MP2,5 (fino). El primero, es aquel en que las part\u00edculas tienen un di\u00e1metro menor a 10 micrones (o micr\u00f3metros), y el segundo, en el que las part\u00edculas tienen un di\u00e1metro menor a 2,5 micrones. Por esta raz\u00f3n, el MP2,5 se encuentra contenido en el MP10. Tambi\u00e9n existe el denominado MP ultrafino, de alrededor de 0,1 \u03bcm de di\u00e1metro.<\/p>\n<p>La concentraci\u00f3n de MP es el valor promedio temporal detectado en el aire y se mide en microgramos por metro c\u00fabico normal (\u03bcg\/m3N).<\/p>\n<p><img loading=\"lazy\" src=\"https:\/\/airechile.mma.gob.cl\/img\/mp.jpg\" alt=\"\" width=\"600\" height=\"400\" \/><\/p>\n<p>Comparaci\u00f3n del tama\u00f1o de un pelo y de la arena fina de playa con part\u00edculas MP10 Y MP2,5<\/p><\/div> <\/div> <\/div><\/div><\/div><div class=\"w-tabs-section color_custom\" id=\"1672067038104-12db9791-0f27\" style=\"color: #000000;\"><a href=\"#1672067038104-12db9791-0f27\" class=\"w-tabs-section-header\"><div class=\"w-tabs-section-header-h\"><h5 class=\"w-tabs-section-title\">Norma Primaria Calidad del Aire MP10<\/h5><div class=\"w-tabs-section-control\"><\/div><\/div><\/a><div class=\"w-tabs-section-content\"><div class=\"w-tabs-section-content-h i-cf\"><div class=\"wpb_text_column \"><div class=\"wpb_wrapper\"><p>T\u00cdTULO IV<br \/>\nCondiciones de Superaci\u00f3n<\/p>\n<p>Art\u00edculo 4\u00b0.<br \/>\nSe considerar\u00e1 sobrepasada la norma primaria de calidad ambiental para material particulado respirable MP10 como concentraci\u00f3n anual, cuando el promedio aritm\u00e9tico de tres a\u00f1os calendarios consecutivos, en cualquier estaci\u00f3n monitora calificada como EMRP, sea mayor o igual a 50 \u00b5g\/m3N.<\/p>\n<p>Art\u00edculo 5\u00b0.<br \/>\nSe considerar\u00e1 sobrepasada la norma primaria de calidad ambiental para material particulado respirable MP10, como concentraci\u00f3n de 24 horas, cuando ocurra, en cualquier estaci\u00f3n monitora calificada como EMRP, una de las siguientes condiciones:<\/p>\n<p>a. En un a\u00f1o calendario, el valor correspondiente al percentil 98 de las concentraciones de 24 horas registradas, sea mayor o igual a 130 \u00b5g\/m3N<\/p>\n<p>b. Si antes que concluya un a\u00f1o calendario, el n\u00famero de d\u00edas con mediciones sobre el valor de 130 \u00b5g\/m3N, sea mayor que siete.<\/p><\/div> <\/div> <\/div><\/div><\/div><\/div><\/div><\/div><\/div><\/div><\/div><\/section>\n","protected":false},"excerpt":{"rendered":"Contaminante Contaminaci\u00f3n Material Particulado Norma Primaria Calidad del Aire MP10 ContaminanteEs un contaminante todo elemento, compuesto, sustancia, derivado qu\u00edmico o biol\u00f3gico, energ\u00eda, radiaci\u00f3n, vibraci\u00f3n, ruido, luminosidad artificial o una combinaci\u00f3n de ellos, cuya presencia en el ambiente, en ciertos niveles, concentraciones o per\u00edodos de tiempo, pueda constituir un riesgo a la salud de las personas,...","protected":false},"author":2,"featured_media":0,"parent":0,"menu_order":0,"comment_status":"closed","ping_status":"closed","template":"","meta":[],"_links":{"self":[{"href":"http:\/\/pelambres.r9.cl\/pelambres_publico\/index.php?rest_route=\/wp\/v2\/pages\/288"}],"collection":[{"href":"http:\/\/pelambres.r9.cl\/pelambres_publico\/index.php?rest_route=\/wp\/v2\/pages"}],"about":[{"href":"http:\/\/pelambres.r9.cl\/pelambres_publico\/index.php?rest_route=\/wp\/v2\/types\/page"}],"author":[{"embeddable":true,"href":"http:\/\/pelambres.r9.cl\/pelambres_publico\/index.php?rest_route=\/wp\/v2\/users\/2"}],"replies":[{"embeddable":true,"href":"http:\/\/pelambres.r9.cl\/pelambres_publico\/index.php?rest_route=%2Fwp%2Fv2%2Fcomments&post=288"}],"version-history":[{"count":7,"href":"http:\/\/pelambres.r9.cl\/pelambres_publico\/index.php?rest_route=\/wp\/v2\/pages\/288\/revisions"}],"predecessor-version":[{"id":296,"href":"http:\/\/pelambres.r9.cl\/pelambres_publico\/index.php?rest_route=\/wp\/v2\/pages\/288\/revisions\/296"}],"wp:attachment":[{"href":"http:\/\/pelambres.r9.cl\/pelambres_publico\/index.php?rest_route=%2Fwp%2Fv2%2Fmedia&parent=288"}],"curies":[{"name":"wp","href":"https:\/\/api.w.org\/{rel}","templated":true}]}}